{"id":890,"date":"2026-01-05T19:44:28","date_gmt":"2026-01-05T18:44:28","guid":{"rendered":"https:\/\/www.studiomercure.fr\/?page_id=890"},"modified":"2026-01-06T13:12:29","modified_gmt":"2026-01-06T12:12:29","slug":"eric-melin","status":"publish","type":"page","link":"https:\/\/www.studiomercure.fr\/?page_id=890","title":{"rendered":"\u00c9ric Melin"},"content":{"rendered":"\n<style type=\"text\/css\" data-created_by=\"avia_inline_auto\" id=\"style-css-av-mk2eo9nt-c97db5d1185608f35d8464b1b810f4c5\">\n.avia-section.av-mk2eo9nt-c97db5d1185608f35d8464b1b810f4c5{\nbackground-color:#e5e5e5;\nbackground-image:unset;\n}\n<\/style>\n<div id='av_section_1'  class='avia-section av-mk2eo9nt-c97db5d1185608f35d8464b1b810f4c5 main_color avia-section-default avia-no-border-styling  avia-builder-el-0  el_before_av_one_third  avia-builder-el-first  avia-bg-style-scroll av-minimum-height av-minimum-height-50 av-height-percent  container_wrap sidebar_left'   data-av_minimum_height_pc='50' data-av_min_height_opt='percent'><div class='container av-section-cont-open' ><main  role=\"main\" itemprop=\"mainContentOfPage\"  class='template-page content  av-content-small units'><div class='post-entry post-entry-type-page post-entry-890'><div class='entry-content-wrapper clearfix'>\n\n<style type=\"text\/css\" data-created_by=\"avia_inline_auto\" id=\"style-css-av-mk2fb1uw-ec250231e7830aec14ab1517f0e8d1a7\">\n#top .av-special-heading.av-mk2fb1uw-ec250231e7830aec14ab1517f0e8d1a7{\npadding-bottom:10px;\ncolor:#2d2d2d;\nfont-size:6.5vw;\n}\nbody .av-special-heading.av-mk2fb1uw-ec250231e7830aec14ab1517f0e8d1a7 .av-special-heading-tag .heading-char{\nfont-size:25px;\n}\n#top #wrap_all .av-special-heading.av-mk2fb1uw-ec250231e7830aec14ab1517f0e8d1a7 .av-special-heading-tag{\nfont-size:6.5vw;\n}\n.av-special-heading.av-mk2fb1uw-ec250231e7830aec14ab1517f0e8d1a7 .special-heading-inner-border{\nborder-color:#2d2d2d;\n}\n.av-special-heading.av-mk2fb1uw-ec250231e7830aec14ab1517f0e8d1a7 .av-subheading{\nfont-size:15px;\n}\n\n@media only screen and (min-width: 480px) and (max-width: 767px){ \n#top #wrap_all .av-special-heading.av-mk2fb1uw-ec250231e7830aec14ab1517f0e8d1a7 .av-special-heading-tag{\nfont-size:0.8em;\n}\n}\n\n@media only screen and (max-width: 479px){ \n#top #wrap_all .av-special-heading.av-mk2fb1uw-ec250231e7830aec14ab1517f0e8d1a7 .av-special-heading-tag{\nfont-size:0.8em;\n}\n}\n<\/style>\n<div  class='av-special-heading av-mk2fb1uw-ec250231e7830aec14ab1517f0e8d1a7 av-special-heading-h1 custom-color-heading blockquote modern-quote modern-centered  avia-builder-el-1  el_before_av_textblock  avia-builder-el-first  av-inherit-size'><h1 class='av-special-heading-tag '  itemprop=\"headline\"  >\u00c9RIC MELIN<\/h1><div class=\"special-heading-border\"><div class=\"special-heading-inner-border\"><\/div><\/div><\/div>\n\n<style type=\"text\/css\" data-created_by=\"avia_inline_auto\" id=\"style-css-av-mk2fguyd-b939740c24d1d24be099bca3e2da0fe3\">\n#top .av_textblock_section.av-mk2fguyd-b939740c24d1d24be099bca3e2da0fe3 .avia_textblock{\nfont-size:32px;\n}\n<\/style>\n<section  class='av_textblock_section av-mk2fguyd-b939740c24d1d24be099bca3e2da0fe3 '   itemscope=\"itemscope\" itemtype=\"https:\/\/schema.org\/CreativeWork\" ><div class='avia_textblock'  itemprop=\"text\" ><p style=\"text-align: center;\"><strong>R\u00e9alisation Artistique \u2022 Ing\u00e9nierie Sonore \u2022 Studio Mercure<\/strong><img loading=\"lazy\" decoding=\"async\" class=\"size-medium wp-image-927 aligncenter\" src=\"https:\/\/www.studiomercure.fr\/wp-content\/uploads\/2026\/01\/Eric-regie-ecran-gauche-1-2-300x193.jpg\" alt=\"\" width=\"300\" height=\"193\" srcset=\"https:\/\/www.studiomercure.fr\/wp-content\/uploads\/2026\/01\/Eric-regie-ecran-gauche-1-2-300x193.jpg 300w, https:\/\/www.studiomercure.fr\/wp-content\/uploads\/2026\/01\/Eric-regie-ecran-gauche-1-2-1030x661.jpg 1030w, https:\/\/www.studiomercure.fr\/wp-content\/uploads\/2026\/01\/Eric-regie-ecran-gauche-1-2-768x493.jpg 768w, https:\/\/www.studiomercure.fr\/wp-content\/uploads\/2026\/01\/Eric-regie-ecran-gauche-1-2-705x452.jpg 705w, https:\/\/www.studiomercure.fr\/wp-content\/uploads\/2026\/01\/Eric-regie-ecran-gauche-1-2-450x289.jpg 450w, https:\/\/www.studiomercure.fr\/wp-content\/uploads\/2026\/01\/Eric-regie-ecran-gauche-1-2-600x385.jpg 600w, https:\/\/www.studiomercure.fr\/wp-content\/uploads\/2026\/01\/Eric-regie-ecran-gauche-1-2.jpg 1200w\" sizes=\"auto, (max-width: 300px) 100vw, 300px\" \/><\/p>\n<\/div><\/section>\n<\/div><\/div><\/main><!-- close content main element --><\/div><\/div><div id='after_section_1'  class='main_color av_default_container_wrap container_wrap sidebar_left'  ><div class='container av-section-cont-open' ><div class='template-page content  av-content-small units'><div class='post-entry post-entry-type-page post-entry-890'><div class='entry-content-wrapper clearfix'><div  class='flex_column av-av_one_third-cab6cb91e42b24d4f503cdabdc5ed6e0 av_one_third  avia-builder-el-3  el_after_av_section  el_before_av_one_third  avia-builder-el-first  first flex_column_div  '     ><p>\n<style type=\"text\/css\" data-created_by=\"avia_inline_auto\" id=\"style-css-av-mk2fwfku-c08ec1e56b08f3a32cfe5d66784e1c13\">\n#top .av-special-heading.av-mk2fwfku-c08ec1e56b08f3a32cfe5d66784e1c13{\npadding-bottom:10px;\n}\nbody .av-special-heading.av-mk2fwfku-c08ec1e56b08f3a32cfe5d66784e1c13 .av-special-heading-tag .heading-char{\nfont-size:25px;\n}\n.av-special-heading.av-mk2fwfku-c08ec1e56b08f3a32cfe5d66784e1c13 .av-subheading{\nfont-size:15px;\n}\n<\/style>\n<div  class='av-special-heading av-mk2fwfku-c08ec1e56b08f3a32cfe5d66784e1c13 av-special-heading-h3  avia-builder-el-4  el_before_av_textblock  avia-builder-el-first '><h3 class='av-special-heading-tag '  itemprop=\"headline\"  >R\u00c9ALISATION <span class='special_amp'>&amp;<\/span> DA : R\u00c9ALISATION ARTISTIQUE<\/h3><div class=\"special-heading-border\"><div class=\"special-heading-inner-border\"><\/div><\/div><\/div><br \/>\n<section  class='av_textblock_section av-av_textblock-6dbc7e1957642df505b4149120fdd3c2 '   itemscope=\"itemscope\" itemtype=\"https:\/\/schema.org\/CreativeWork\" ><div class='avia_textblock'  itemprop=\"text\" ><p>Un accompagnement sur-mesure pour sublimer votre identit\u00e9 sonore. \u00c9ric met son exp\u00e9rience de Directeur Artistique au service de vos sessions : coaching vocal, structure des morceaux et exigence de performance pour r\u00e9v\u00e9ler le meilleur de chaque artiste.<\/p>\n<\/div><\/section><\/p><\/div><div  class='flex_column av-av_one_third-5ebb9248fb9c120f6665341cb151d4ce av_one_third  avia-builder-el-6  el_after_av_one_third  el_before_av_one_third  flex_column_div  '     ><p>\n<style type=\"text\/css\" data-created_by=\"avia_inline_auto\" id=\"style-css-av-mk2g00v9-4ca254baf08e37e04eaaee4f9b99032f\">\n#top .av-special-heading.av-mk2g00v9-4ca254baf08e37e04eaaee4f9b99032f{\npadding-bottom:10px;\n}\nbody .av-special-heading.av-mk2g00v9-4ca254baf08e37e04eaaee4f9b99032f .av-special-heading-tag .heading-char{\nfont-size:25px;\n}\n.av-special-heading.av-mk2g00v9-4ca254baf08e37e04eaaee4f9b99032f .av-subheading{\nfont-size:15px;\n}\n<\/style>\n<div  class='av-special-heading av-mk2g00v9-4ca254baf08e37e04eaaee4f9b99032f av-special-heading-h3  avia-builder-el-7  el_before_av_textblock  avia-builder-el-first '><h3 class='av-special-heading-tag '  itemprop=\"headline\"  >ARRANGEMENTS <span class='special_amp'>&amp;<\/span> PROD : PRODUCTION MUSICALE<\/h3><div class=\"special-heading-border\"><div class=\"special-heading-inner-border\"><\/div><\/div><\/div><br \/>\n<section  class='av_textblock_section av-mk2fx5ds-1920049061dbed398d9e063427e4b3fc '   itemscope=\"itemscope\" itemtype=\"https:\/\/schema.org\/CreativeWork\" ><div class='avia_textblock'  itemprop=\"text\" ><p>De la cr\u00e9ation d&rsquo;arrangements modernes \u00e0 la direction d&rsquo;orchestre organique, nous construisons l&rsquo;univers qui portera votre titre. Une fusion pr\u00e9cise entre la chaleur de l&rsquo;analogique et la puissance des outils de production actuels.<\/p>\n<\/div><\/section><\/p><\/div><div  class='flex_column av-av_one_third-5ebb9248fb9c120f6665341cb151d4ce av_one_third  avia-builder-el-9  el_after_av_one_third  el_before_av_textblock  flex_column_div  '     ><p>\n<style type=\"text\/css\" data-created_by=\"avia_inline_auto\" id=\"style-css-av-mk2g20uh-7acaa897f93252a07cdf188919ccd08f\">\n#top .av-special-heading.av-mk2g20uh-7acaa897f93252a07cdf188919ccd08f{\npadding-bottom:10px;\n}\nbody .av-special-heading.av-mk2g20uh-7acaa897f93252a07cdf188919ccd08f .av-special-heading-tag .heading-char{\nfont-size:25px;\n}\n.av-special-heading.av-mk2g20uh-7acaa897f93252a07cdf188919ccd08f .av-subheading{\nfont-size:15px;\n}\n<\/style>\n<div  class='av-special-heading av-mk2g20uh-7acaa897f93252a07cdf188919ccd08f av-special-heading-h3  avia-builder-el-10  el_before_av_textblock  avia-builder-el-first '><h3 class='av-special-heading-tag '  itemprop=\"headline\"  >MIXAGE <span class='special_amp'>&amp;<\/span> MASTERING : MIXAGE HAUTE-FID\u00c9LIT\u00c9<\/h3><div class=\"special-heading-border\"><div class=\"special-heading-inner-border\"><\/div><\/div><\/div><br \/>\n<section  class='av_textblock_section av-mk2g2bwq-1a2e051a34ba6383eb98d41c02c2130c '   itemscope=\"itemscope\" itemtype=\"https:\/\/schema.org\/CreativeWork\" ><div class='avia_textblock'  itemprop=\"text\" ><p>Offrez \u00e0 vos titres le relief et la clart\u00e9 des standards internationaux. Chaque mixage est travaill\u00e9 pour garantir un impact maximum et une pr\u00e9cision chirurgicale, assurant une diffusion optimale sur toutes les plateformes de streaming.<\/p>\n<\/div><\/section><\/p><\/div><section  class='av_textblock_section av-av_textblock-9dbffaa0b1460fe0f449038808734c19 '   itemscope=\"itemscope\" itemtype=\"https:\/\/schema.org\/CreativeWork\" ><div class='avia_textblock'  itemprop=\"text\" ><p>Cliquer ici pour ajouter votre propre texte<\/p>\n<\/div><\/section><\/p>\n","protected":false},"excerpt":{"rendered":"","protected":false},"author":1,"featured_media":0,"parent":0,"menu_order":0,"comment_status":"closed","ping_status":"closed","template":"","meta":{"footnotes":""},"class_list":["post-890","page","type-page","status-publish","hentry"],"jetpack_sharing_enabled":true,"_links":{"self":[{"href":"https:\/\/www.studiomercure.fr\/index.php?rest_route=\/wp\/v2\/pages\/890","targetHints":{"allow":["GET"]}}],"collection":[{"href":"https:\/\/www.studiomercure.fr\/index.php?rest_route=\/wp\/v2\/pages"}],"about":[{"href":"https:\/\/www.studiomercure.fr\/index.php?rest_route=\/wp\/v2\/types\/page"}],"author":[{"embeddable":true,"href":"https:\/\/www.studiomercure.fr\/index.php?rest_route=\/wp\/v2\/users\/1"}],"replies":[{"embeddable":true,"href":"https:\/\/www.studiomercure.fr\/index.php?rest_route=%2Fwp%2Fv2%2Fcomments&post=890"}],"version-history":[{"count":12,"href":"https:\/\/www.studiomercure.fr\/index.php?rest_route=\/wp\/v2\/pages\/890\/revisions"}],"predecessor-version":[{"id":944,"href":"https:\/\/www.studiomercure.fr\/index.php?rest_route=\/wp\/v2\/pages\/890\/revisions\/944"}],"wp:attachment":[{"href":"https:\/\/www.studiomercure.fr\/index.php?rest_route=%2Fwp%2Fv2%2Fmedia&parent=890"}],"curies":[{"name":"wp","href":"https:\/\/api.w.org\/{rel}","templated":true}]}}