{"id":507,"date":"2017-05-24T16:02:43","date_gmt":"2017-05-24T15:02:43","guid":{"rendered":"http:\/\/www.studiomercure.fr\/?page_id=507"},"modified":"2024-01-25T17:56:11","modified_gmt":"2024-01-25T16:56:11","slug":"forfaits","status":"publish","type":"page","link":"https:\/\/www.studiomercure.fr\/?page_id=507","title":{"rendered":"Forfaits"},"content":{"rendered":"\n<style type=\"text\/css\" data-created_by=\"avia_inline_auto\" id=\"style-css-av-4cirgz-9c592d58165bcba4c3b5cbb86ceeec58\">\n.flex_column.av-4cirgz-9c592d58165bcba4c3b5cbb86ceeec58{\nborder-radius:0px 0px 0px 0px;\npadding:0px 0px 50px 0px;\n}\n<\/style>\n<div  class='flex_column av-4cirgz-9c592d58165bcba4c3b5cbb86ceeec58 av_one_full  avia-builder-el-0  el_before_av_one_fourth  avia-builder-el-first  first flex_column_div  '     ><style type=\"text\/css\" data-created_by=\"avia_inline_auto\" id=\"style-css-av-47gccb-b3242564f9780cb92816c0922550a105\">\n#top .av_textblock_section.av-47gccb-b3242564f9780cb92816c0922550a105 .avia_textblock{\ncolor:#4f84a3;\n}\n<\/style>\n<section  class='av_textblock_section av-47gccb-b3242564f9780cb92816c0922550a105 '   itemscope=\"itemscope\" itemtype=\"https:\/\/schema.org\/CreativeWork\" ><div class='avia_textblock av_inherit_color'  itemprop=\"text\" ><p style=\"text-align: center;\"><span style=\"font-size: 17pt;\"><strong>En r\u00e8gle g\u00e9n\u00e9rale, les devis s&rsquo;\u00e9tablissent en fonction de vos besoins. Pour autant, voici quatre\u00a0tarifs indicatifs<\/strong><\/span><\/p>\n<\/div><\/section><\/div>\n<div class='flex_column_table av-40o0tf-0f3aab8ba31cc918da04d0c654f21759 sc-av_one_fourth av-equal-height-column-flextable'>\n<style type=\"text\/css\" data-created_by=\"avia_inline_auto\" id=\"style-css-av-40o0tf-0f3aab8ba31cc918da04d0c654f21759\">\n.flex_column.av-40o0tf-0f3aab8ba31cc918da04d0c654f21759{\nborder-width:3px;\nborder-color:#7bb0e7;\nborder-style:solid;\nborder-radius:10px 10px 10px 10px;\npadding:0px 0px 0px 0px;\nbackground-color:rgba(118,131,232,0.2);\n}\n<\/style>\n<div  class='flex_column av-40o0tf-0f3aab8ba31cc918da04d0c654f21759 av_one_fourth  avia-builder-el-2  el_after_av_one_full  el_before_av_one_fourth  first flex_column_table_cell av-equal-height-column av-align-top av-zero-column-padding  column-top-margin'     ><style type=\"text\/css\" data-created_by=\"avia_inline_auto\" id=\"style-css-av-3x5ey3-cd1d64ef787657a170823abed43d186c\">\n#top .av_textblock_section.av-3x5ey3-cd1d64ef787657a170823abed43d186c .avia_textblock{\ncolor:#4f84a3;\n}\n<\/style>\n<section  class='av_textblock_section av-3x5ey3-cd1d64ef787657a170823abed43d186c '   itemscope=\"itemscope\" itemtype=\"https:\/\/schema.org\/CreativeWork\" ><div class='avia_textblock av_inherit_color'  itemprop=\"text\" ><p style=\"text-align: center;\"><span style=\"font-size: 17pt;\"><strong>Voix sur playback version karaok\u00e9<\/strong><\/span><\/p>\n<\/div><\/section><\/div>\n<div class='av-flex-placeholder'><\/div>\n<style type=\"text\/css\" data-created_by=\"avia_inline_auto\" id=\"style-css-av-3oum03-cbfc84c6fc88a47b423ed75a90e9bff3\">\n.flex_column.av-3oum03-cbfc84c6fc88a47b423ed75a90e9bff3{\nborder-width:3px;\nborder-color:#7bb0e7;\nborder-style:solid;\nborder-radius:10px 10px 10px 10px;\npadding:0px 0px 0px 0px;\nbackground-color:rgba(118,131,232,0.2);\n}\n<\/style>\n<div  class='flex_column av-3oum03-cbfc84c6fc88a47b423ed75a90e9bff3 av_one_fourth  avia-builder-el-4  el_after_av_one_fourth  el_before_av_one_fourth  flex_column_table_cell av-equal-height-column av-align-top av-zero-column-padding  column-top-margin'     ><style type=\"text\/css\" data-created_by=\"avia_inline_auto\" id=\"style-css-av-3l5knf-a835eac79998d87611c6a6182a5634b0\">\n#top .av_textblock_section.av-3l5knf-a835eac79998d87611c6a6182a5634b0 .avia_textblock{\ncolor:#4f84a3;\n}\n<\/style>\n<section  class='av_textblock_section av-3l5knf-a835eac79998d87611c6a6182a5634b0 '   itemscope=\"itemscope\" itemtype=\"https:\/\/schema.org\/CreativeWork\" ><div class='avia_textblock av_inherit_color'  itemprop=\"text\" ><p style=\"text-align: center;\"><span style=\"font-size: 17pt;\"><strong>Voix sur playback personnalis\u00e9e<\/strong><\/span><\/p>\n<\/div><\/section><\/div>\n<div class='av-flex-placeholder'><\/div>\n<style type=\"text\/css\" data-created_by=\"avia_inline_auto\" id=\"style-css-av-3fbw1f-e502ddb3e05170c7a43b1ccfb37fdd73\">\n.flex_column.av-3fbw1f-e502ddb3e05170c7a43b1ccfb37fdd73{\nborder-width:3px;\nborder-color:#7bb0e7;\nborder-style:solid;\nborder-radius:10px 10px 10px 10px;\npadding:0px 0px 0px 0px;\nbackground-color:rgba(118,131,232,0.2);\n}\n<\/style>\n<div  class='flex_column av-3fbw1f-e502ddb3e05170c7a43b1ccfb37fdd73 av_one_fourth  avia-builder-el-6  el_after_av_one_fourth  el_before_av_one_fourth  flex_column_table_cell av-equal-height-column av-align-top av-zero-column-padding  column-top-margin'     ><style type=\"text\/css\" data-created_by=\"avia_inline_auto\" id=\"style-css-av-35yf4b-f1f85e0cd5b1cea471edaf7eca716853\">\n#top .av_textblock_section.av-35yf4b-f1f85e0cd5b1cea471edaf7eca716853 .avia_textblock{\ncolor:#4f84a3;\n}\n<\/style>\n<section  class='av_textblock_section av-35yf4b-f1f85e0cd5b1cea471edaf7eca716853 '   itemscope=\"itemscope\" itemtype=\"https:\/\/schema.org\/CreativeWork\" ><div class='avia_textblock av_inherit_color'  itemprop=\"text\" ><p style=\"text-align: center;\"><span style=\"font-size: 17pt;\"><strong>Voix sur playback version karaok\u00e9 + vid\u00e9o deux plans<\/strong><\/span><\/p>\n<\/div><\/section><\/div>\n<div class='av-flex-placeholder'><\/div>\n<style type=\"text\/css\" data-created_by=\"avia_inline_auto\" id=\"style-css-av-33pf83-c0a3763d9ea5296d397f3e453a1883eb\">\n.flex_column.av-33pf83-c0a3763d9ea5296d397f3e453a1883eb{\nborder-width:3px;\nborder-color:#7bb0e7;\nborder-style:solid;\nborder-radius:10px 10px 10px 10px;\npadding:0px 0px 0px 0px;\nbackground-color:rgba(118,131,232,0.2);\n}\n<\/style>\n<div  class='flex_column av-33pf83-c0a3763d9ea5296d397f3e453a1883eb av_one_fourth  avia-builder-el-8  el_after_av_one_fourth  el_before_av_one_fourth  flex_column_table_cell av-equal-height-column av-align-top av-zero-column-padding  column-top-margin'     ><style type=\"text\/css\" data-created_by=\"avia_inline_auto\" id=\"style-css-av-2z07ej-f8ed57f5d6d4ff768f102e0aa0f4b102\">\n#top .av_textblock_section.av-2z07ej-f8ed57f5d6d4ff768f102e0aa0f4b102 .avia_textblock{\ncolor:#4f84a3;\n}\n<\/style>\n<section  class='av_textblock_section av-2z07ej-f8ed57f5d6d4ff768f102e0aa0f4b102 '   itemscope=\"itemscope\" itemtype=\"https:\/\/schema.org\/CreativeWork\" ><div class='avia_textblock av_inherit_color'  itemprop=\"text\" ><p style=\"text-align: center;\"><span style=\"font-size: 17pt;\"><strong>Voix sur playback personnalis\u00e9e + vid\u00e9o deux plans<\/strong><\/span><\/p>\n<\/div><\/section><\/div><\/div><!--close column table wrapper. Autoclose: 1 -->\n\n<style type=\"text\/css\" data-created_by=\"avia_inline_auto\" id=\"style-css-av-2t0vuz-23e2c0eca5a2c83f2430e1d2877c6d7f\">\n.flex_column.av-2t0vuz-23e2c0eca5a2c83f2430e1d2877c6d7f{\nborder-width:3px;\nborder-color:#7bb0e7;\nborder-style:solid;\nborder-radius:10px 10px 10px 10px;\npadding:10px 10px 10px 10px;\n}\n<\/style>\n<div  class='flex_column av-2t0vuz-23e2c0eca5a2c83f2430e1d2877c6d7f av_one_fourth  avia-builder-el-10  el_after_av_one_fourth  el_before_av_one_fourth  first flex_column_div  column-top-margin'     ><section  class='av_textblock_section av-2iw68b-93e9d58e257b9a4bd219e234d0589a16 '   itemscope=\"itemscope\" itemtype=\"https:\/\/schema.org\/CreativeWork\" ><div class='avia_textblock'  itemprop=\"text\" ><p><strong><span style=\"color: #0000ff;\">Dans ce forfait vous aurez :<\/span><\/strong><\/p>\n<ul>\n<li>Prise de son de la voix<\/li>\n<li>Fourniture du plan playback version karaok\u00e9<\/li>\n<li>Utilisation de micro haut de\u00a0gamme<\/li>\n<li>Utilisation de pr\u00e9-ampli micro Neve 2128<\/li>\n<li>Utilisation de convertisseurs UAD Apollo 16x<\/li>\n<li>Trois prises de voix compl\u00e8tes sur toute la chanson<\/li>\n<li>Choix de la meilleure prise<\/li>\n<li>Mixage<\/li>\n<li>Mastering<\/li>\n<li>Livraison en wave\u00a0et mp3<\/li>\n<li>1H de studio incluse<\/li>\n<\/ul>\n<\/div><\/section><\/div>\n\n<style type=\"text\/css\" data-created_by=\"avia_inline_auto\" id=\"style-css-av-2c4gb7-927c960142006167b2c2ed1f73c8a949\">\n.flex_column.av-2c4gb7-927c960142006167b2c2ed1f73c8a949{\nborder-width:3px;\nborder-color:#7bb0e7;\nborder-style:solid;\nborder-radius:10px 10px 10px 10px;\npadding:10px 10px 10px 10px;\n}\n<\/style>\n<div  class='flex_column av-2c4gb7-927c960142006167b2c2ed1f73c8a949 av_one_fourth  avia-builder-el-12  el_after_av_one_fourth  el_before_av_one_fourth  flex_column_div  column-top-margin'     ><section  class='av_textblock_section av-2av1a3-ca5b10a6d6cefb77336de16be3c482a1 '   itemscope=\"itemscope\" itemtype=\"https:\/\/schema.org\/CreativeWork\" ><div class='avia_textblock'  itemprop=\"text\" ><p><strong><span style=\"color: #0000ff;\">Dans ce forfait vous aurez :<\/span><\/strong><\/p>\n<ul>\n<li>R\u00e9alisation d&rsquo;un playback personnalis\u00e9<\/li>\n<li>Prise de son de la voix<\/li>\n<li>Utilisation de micro haut de gamme<\/li>\n<li>Utilisation de pr\u00e9-ampli micro tr\u00e8s haut de gamme<\/li>\n<li>Utilisation de convertisseur UAD Apollo 16x<\/li>\n<li>Trois prises de voix compl\u00e8tes sur toute la chanson<\/li>\n<li>Choix de la meilleure prise<\/li>\n<li>Mixage<\/li>\n<li>Mastering<\/li>\n<li>Livraison en wave et mp3<\/li>\n<li>4H de studio incluses (1\/2 journ\u00e9e)<\/li>\n<\/ul>\n<\/div><\/section><\/div>\n\n<style type=\"text\/css\" data-created_by=\"avia_inline_auto\" id=\"style-css-av-212bqz-8bf75f669d1dfa0df2757157d0d53090\">\n.flex_column.av-212bqz-8bf75f669d1dfa0df2757157d0d53090{\nborder-width:3px;\nborder-color:#7bb0e7;\nborder-style:solid;\nborder-radius:10px 10px 10px 10px;\npadding:10px 10px 10px 10px;\n}\n<\/style>\n<div  class='flex_column av-212bqz-8bf75f669d1dfa0df2757157d0d53090 av_one_fourth  avia-builder-el-14  el_after_av_one_fourth  el_before_av_one_fourth  flex_column_div  column-top-margin'     ><section  class='av_textblock_section av-1xofmr-2a86e68441c10d96ed3ebfebb2f1f230 '   itemscope=\"itemscope\" itemtype=\"https:\/\/schema.org\/CreativeWork\" ><div class='avia_textblock'  itemprop=\"text\" ><p><strong><span style=\"color: #0000ff;\">Dans ce forfait vous aurez :<\/span><\/strong><\/p>\n<ul>\n<li>Prise de son de la voix<\/li>\n<li>Prise de vues sous deux angles diff\u00e9rents de la version mix\u00e9e en playback<\/li>\n<li>Fourniture du playback version karaok\u00e9<\/li>\n<li>Utilisation de micro haut de gamme<\/li>\n<li>Utilisation de pr\u00e9-ampli micro tr\u00e8s haut de gamme<\/li>\n<li>Utilisation de convertisseur UAD Apollo 16x<\/li>\n<li>Trois prises de voix compl\u00e8tes sur toute la chanson<\/li>\n<li>Choix de la meilleure prise<\/li>\n<li>Mixage<\/li>\n<li>Mastering<\/li>\n<li>Montage<\/li>\n<li>Livraison en mp3, mp4, wave<\/li>\n<li>6H de studio incluses<\/li>\n<\/ul>\n<\/div><\/section><\/div>\n\n<style type=\"text\/css\" data-created_by=\"avia_inline_auto\" id=\"style-css-av-1r5fr7-40876e71b2bb115528e4ab9cffcdb43f\">\n.flex_column.av-1r5fr7-40876e71b2bb115528e4ab9cffcdb43f{\nborder-width:3px;\nborder-color:#7bb0e7;\nborder-style:solid;\nborder-radius:10px 10px 10px 10px;\npadding:10px 10px 10px 10px;\n}\n<\/style>\n<div  class='flex_column av-1r5fr7-40876e71b2bb115528e4ab9cffcdb43f av_one_fourth  avia-builder-el-16  el_after_av_one_fourth  el_before_av_one_fourth  flex_column_div  column-top-margin'     ><section  class='av_textblock_section av-1keao3-ef24d296248ba4f3900ffd93f6c35bf9 '   itemscope=\"itemscope\" itemtype=\"https:\/\/schema.org\/CreativeWork\" ><div class='avia_textblock'  itemprop=\"text\" ><p><strong><span style=\"color: #0000ff;\">Dans ce forfait vous aurez :<\/span><\/strong><\/p>\n<ul>\n<li>R\u00e9alisation d&rsquo;un playback personnalis\u00e9<\/li>\n<li>Prise de son de la voix<\/li>\n<li>Prise de vue sous deux angles diff\u00e9rents de la version mix\u00e9e en playback<\/li>\n<li>Utilisation de micro haut gamme<\/li>\n<li>Utilisation de pr\u00e9-ampli micro tr\u00e8s haut de gamme<\/li>\n<li>Utilisation de convertisseur UAD Apollo 16x<\/li>\n<li>Trois prises de voix compl\u00e8tes sur toute la chanson<\/li>\n<li>Choix de la meilleure prise<\/li>\n<li>Mixage<\/li>\n<li>Mastering<\/li>\n<li>Montage<\/li>\n<li>Livraison en mp3, mp4, wave<\/li>\n<li>8H de studio incluses (une journ\u00e9e)<\/li>\n<\/ul>\n<\/div><\/section><\/div>\n\n<style type=\"text\/css\" data-created_by=\"avia_inline_auto\" id=\"style-css-av-1dswdf-28d159bbb963c688a01ba8589e9f2173\">\n.flex_column.av-1dswdf-28d159bbb963c688a01ba8589e9f2173{\nborder-width:3px;\nborder-color:#7bb0e7;\nborder-style:solid;\nborder-radius:10px 10px 10px 10px;\npadding:0px 0px 0px 0px;\nbackground-color:rgba(118,131,232,0.2);\n}\n<\/style>\n<div  class='flex_column av-1dswdf-28d159bbb963c688a01ba8589e9f2173 av_one_fourth  avia-builder-el-18  el_after_av_one_fourth  el_before_av_one_fourth  first flex_column_div av-zero-column-padding  column-top-margin'     ><style type=\"text\/css\" data-created_by=\"avia_inline_auto\" id=\"style-css-av-17bg1v-f7efbcf4dab361de0e1774468d9557a7\">\n#top .av_textblock_section.av-17bg1v-f7efbcf4dab361de0e1774468d9557a7 .avia_textblock{\ncolor:#4f84a3;\n}\n<\/style>\n<section  class='av_textblock_section av-17bg1v-f7efbcf4dab361de0e1774468d9557a7 '   itemscope=\"itemscope\" itemtype=\"https:\/\/schema.org\/CreativeWork\" ><div class='avia_textblock av_inherit_color'  itemprop=\"text\" ><p style=\"text-align: center;\"><span style=\"font-size: 23pt;\"><strong>80\u20ac HT \/ 96\u20ac TTC<\/strong><\/span><\/p>\n<\/div><\/section><\/div>\n\n<style type=\"text\/css\" data-created_by=\"avia_inline_auto\" id=\"style-css-av-3u2ar-a41edcaba90b17decd9a8e94739855ec\">\n.flex_column.av-3u2ar-a41edcaba90b17decd9a8e94739855ec{\nborder-width:3px;\nborder-color:#7bb0e7;\nborder-style:solid;\nborder-radius:10px 10px 10px 10px;\npadding:0px 0px 0px 0px;\nbackground-color:rgba(118,131,232,0.2);\n}\n<\/style>\n<div  class='flex_column av-3u2ar-a41edcaba90b17decd9a8e94739855ec av_one_fourth  avia-builder-el-20  el_after_av_one_fourth  el_before_av_one_fourth  flex_column_div av-zero-column-padding  column-top-margin'     ><style type=\"text\/css\" data-created_by=\"avia_inline_auto\" id=\"style-css-av-w2w0b-cb1cdb36b7cc7e57807b67a6a3c74c07\">\n#top .av_textblock_section.av-w2w0b-cb1cdb36b7cc7e57807b67a6a3c74c07 .avia_textblock{\ncolor:#4f84a3;\n}\n<\/style>\n<section  class='av_textblock_section av-w2w0b-cb1cdb36b7cc7e57807b67a6a3c74c07 '   itemscope=\"itemscope\" itemtype=\"https:\/\/schema.org\/CreativeWork\" ><div class='avia_textblock av_inherit_color'  itemprop=\"text\" ><p style=\"text-align: center;\"><span style=\"font-size: 23pt;\"><strong>199\u20ac HT \/ 299\u20ac TTC<\/strong><\/span><\/p>\n<\/div><\/section><\/div>\n\n<style type=\"text\/css\" data-created_by=\"avia_inline_auto\" id=\"style-css-av-tjesr-641cab8a7fbb02f6652191e4073a8b9d\">\n.flex_column.av-tjesr-641cab8a7fbb02f6652191e4073a8b9d{\nborder-width:3px;\nborder-color:#7bb0e7;\nborder-style:solid;\nborder-radius:10px 10px 10px 10px;\npadding:0px 0px 0px 0px;\nbackground-color:rgba(118,131,232,0.2);\n}\n<\/style>\n<div  class='flex_column av-tjesr-641cab8a7fbb02f6652191e4073a8b9d av_one_fourth  avia-builder-el-22  el_after_av_one_fourth  el_before_av_one_fourth  flex_column_div av-zero-column-padding  column-top-margin'     ><style type=\"text\/css\" data-created_by=\"avia_inline_auto\" id=\"style-css-av-mcht7-229f3c291e815e438b9d3e8814d855d2\">\n#top .av_textblock_section.av-mcht7-229f3c291e815e438b9d3e8814d855d2 .avia_textblock{\ncolor:#4f84a3;\n}\n<\/style>\n<section  class='av_textblock_section av-mcht7-229f3c291e815e438b9d3e8814d855d2 '   itemscope=\"itemscope\" itemtype=\"https:\/\/schema.org\/CreativeWork\" ><div class='avia_textblock av_inherit_color'  itemprop=\"text\" ><p style=\"text-align: center;\"><span style=\"font-size: 23pt;\"><strong>289\u20ac HT \/ 347\u20ac TTC<\/strong><\/span><\/p>\n<\/div><\/section><\/div>\n\n<style type=\"text\/css\" data-created_by=\"avia_inline_auto\" id=\"style-css-av-ezljn-aa875e2164900de16459c1e7e5a19405\">\n.flex_column.av-ezljn-aa875e2164900de16459c1e7e5a19405{\nborder-width:3px;\nborder-color:#7bb0e7;\nborder-style:solid;\nborder-radius:10px 10px 10px 10px;\npadding:0px 0px 0px 0px;\nbackground-color:rgba(118,131,232,0.2);\n}\n<\/style>\n<div  class='flex_column av-ezljn-aa875e2164900de16459c1e7e5a19405 av_one_fourth  avia-builder-el-24  el_after_av_one_fourth  el_before_av_one_full  flex_column_div av-zero-column-padding  column-top-margin'     ><style type=\"text\/css\" data-created_by=\"avia_inline_auto\" id=\"style-css-av-80c0r-1525609b34cc7697beb15129e2e3aebc\">\n#top .av_textblock_section.av-80c0r-1525609b34cc7697beb15129e2e3aebc .avia_textblock{\ncolor:#4f84a3;\n}\n<\/style>\n<section  class='av_textblock_section av-80c0r-1525609b34cc7697beb15129e2e3aebc '   itemscope=\"itemscope\" itemtype=\"https:\/\/schema.org\/CreativeWork\" ><div class='avia_textblock av_inherit_color'  itemprop=\"text\" ><p style=\"text-align: center;\"><span style=\"font-size: 23pt;\"><strong>399\u20ac HT \/ 479\u20ac TTC<\/strong><\/span><\/p>\n<\/div><\/section><\/div>\n<div  class='flex_column av-kuppu2ny-b11a22a9d23f79f0f8e4f2feb21c9717 av_one_full  avia-builder-el-26  el_after_av_one_fourth  avia-builder-el-last  first flex_column_div  column-top-margin'     ><style type=\"text\/css\" data-created_by=\"avia_inline_auto\" id=\"style-css-av-kupq3bll-736739b3114951f7ddb31ccef70b2a71\">\n#top .av_textblock_section.av-kupq3bll-736739b3114951f7ddb31ccef70b2a71 .avia_textblock{\nfont-size:16px;\n}\n<\/style>\n<section  class='av_textblock_section av-kupq3bll-736739b3114951f7ddb31ccef70b2a71 '   itemscope=\"itemscope\" itemtype=\"https:\/\/schema.org\/CreativeWork\" ><div class='avia_textblock'  itemprop=\"text\" ><p>En dehors des tarifs n\u00e9goci\u00e9s, voici la <strong>grille tarifaire<\/strong> TTC pour l&rsquo;enregistrement et le mixage<br \/>\nA l&rsquo;<strong>heure<\/strong> : 96\u20ac &#8211; A la <strong>demi-journ\u00e9<\/strong>e (4 heures) : 299\u20ac &#8211; A la <strong>journ\u00e9e<\/strong> (8 heures) : 479\u20ac &#8211; A la <strong>semaine<\/strong> (35 heures) : 1919\u20ac<\/p>\n<\/div><\/section><\/div>\n","protected":false},"excerpt":{"rendered":"","protected":false},"author":1,"featured_media":0,"parent":0,"menu_order":0,"comment_status":"closed","ping_status":"closed","template":"","meta":{"footnotes":""},"class_list":["post-507","page","type-page","status-publish","hentry"],"jetpack_sharing_enabled":true,"_links":{"self":[{"href":"https:\/\/www.studiomercure.fr\/index.php?rest_route=\/wp\/v2\/pages\/507","targetHints":{"allow":["GET"]}}],"collection":[{"href":"https:\/\/www.studiomercure.fr\/index.php?rest_route=\/wp\/v2\/pages"}],"about":[{"href":"https:\/\/www.studiomercure.fr\/index.php?rest_route=\/wp\/v2\/types\/page"}],"author":[{"embeddable":true,"href":"https:\/\/www.studiomercure.fr\/index.php?rest_route=\/wp\/v2\/users\/1"}],"replies":[{"embeddable":true,"href":"https:\/\/www.studiomercure.fr\/index.php?rest_route=%2Fwp%2Fv2%2Fcomments&post=507"}],"version-history":[{"count":17,"href":"https:\/\/www.studiomercure.fr\/index.php?rest_route=\/wp\/v2\/pages\/507\/revisions"}],"predecessor-version":[{"id":810,"href":"https:\/\/www.studiomercure.fr\/index.php?rest_route=\/wp\/v2\/pages\/507\/revisions\/810"}],"wp:attachment":[{"href":"https:\/\/www.studiomercure.fr\/index.php?rest_route=%2Fwp%2Fv2%2Fmedia&parent=507"}],"curies":[{"name":"wp","href":"https:\/\/api.w.org\/{rel}","templated":true}]}}