{"id":27,"date":"2016-12-05T11:09:40","date_gmt":"2016-12-05T11:09:40","guid":{"rendered":"http:\/\/www.studiomercure.fr\/?page_id=27"},"modified":"2024-01-27T17:54:07","modified_gmt":"2024-01-27T16:54:07","slug":"contact","status":"publish","type":"page","link":"https:\/\/www.studiomercure.fr\/?page_id=27","title":{"rendered":"Contact"},"content":{"rendered":"\n<style type=\"text\/css\" data-created_by=\"avia_inline_auto\" id=\"style-css-av-cffff-7932f0a0d1e7c93043c3986d54b6d90e\">\n.flex_column.av-cffff-7932f0a0d1e7c93043c3986d54b6d90e{\nborder-radius:0px 0px 0px 0px;\npadding:0px 0px 0px 0px;\n}\n<\/style>\n<div  class='flex_column av-cffff-7932f0a0d1e7c93043c3986d54b6d90e av_one_half  avia-builder-el-0  el_before_av_one_half  avia-builder-el-first  first flex_column_div av-zero-column-padding  '     ><p>\n<style type=\"text\/css\" data-created_by=\"avia_inline_auto\" id=\"style-css-av-bpo43-608479b063eeea70699682fa3387e900\">\n.avia-image-container.av-bpo43-608479b063eeea70699682fa3387e900 img.avia_image{\nbox-shadow:none;\n}\n.avia-image-container.av-bpo43-608479b063eeea70699682fa3387e900 .av-image-caption-overlay-center{\ncolor:#ffffff;\n}\n<\/style>\n<div  class='avia-image-container av-bpo43-608479b063eeea70699682fa3387e900 av-styling- avia-align-center  avia-builder-el-1  el_before_av_textblock  avia-builder-el-first '   itemprop=\"image\" itemscope=\"itemscope\" itemtype=\"https:\/\/schema.org\/ImageObject\" ><div class=\"avia-image-container-inner\"><div class=\"avia-image-overlay-wrap\"><img decoding=\"async\" fetchpriority=\"high\" class='wp-image-768 avia-img-lazy-loading-not-768 avia_image ' src=\"https:\/\/www.studiomercure.fr\/wp-content\/uploads\/2022\/03\/220313-photos-Gilles.jpg\" alt='' title='220313 photos Gilles'  height=\"768\" width=\"1000\"  itemprop=\"thumbnailUrl\" srcset=\"https:\/\/www.studiomercure.fr\/wp-content\/uploads\/2022\/03\/220313-photos-Gilles.jpg 1000w, https:\/\/www.studiomercure.fr\/wp-content\/uploads\/2022\/03\/220313-photos-Gilles-600x461.jpg 600w, https:\/\/www.studiomercure.fr\/wp-content\/uploads\/2022\/03\/220313-photos-Gilles-300x230.jpg 300w, https:\/\/www.studiomercure.fr\/wp-content\/uploads\/2022\/03\/220313-photos-Gilles-768x590.jpg 768w, https:\/\/www.studiomercure.fr\/wp-content\/uploads\/2022\/03\/220313-photos-Gilles-705x541.jpg 705w\" sizes=\"(max-width: 1000px) 100vw, 1000px\" \/><\/div><\/div><\/div><br \/>\n\n<style type=\"text\/css\" data-created_by=\"avia_inline_auto\" id=\"style-css-av-b3pwv-8f5f849ba5c0879e12e04c34ab9436db\">\n#top .av_textblock_section.av-b3pwv-8f5f849ba5c0879e12e04c34ab9436db .avia_textblock{\nfont-size:13px;\n}\n<\/style>\n<section  class='av_textblock_section av-b3pwv-8f5f849ba5c0879e12e04c34ab9436db '   itemscope=\"itemscope\" itemtype=\"https:\/\/schema.org\/CreativeWork\" ><div class='avia_textblock'  itemprop=\"text\" ><p><span style=\"font-size: 13pt;\"><strong>Gilles Serin<\/strong> est Ing\u00e9nieur du son et r\u00e9alisateur dipl\u00f4m\u00e9 de l&rsquo;\u00e9cole sup\u00e9rieure Louis Lumi\u00e8re. Il a exerc\u00e9 son m\u00e9tier d&rsquo;ing\u00e9nieur du son free lance dans les plus grands studio de la capitale : Marcadet, Guillaume Tell, Plus XXX&#8230;, \u00e0 la t\u00e9l\u00e9vision : TF1, France 3, M6, SFP&#8230; Il enseigne la prise de son et le mixage \u00e0 l&rsquo;Universit\u00e9 Nice C\u00f4te d&rsquo;Azur, au <a href=\"http:\/\/www.cifap.com\/formation\/les-techniques-de-prise-de-son\">Cifap<\/a>, \u00e0 l&rsquo;Institut National de l&rsquo;Audiovisuel, \u00e0 l&rsquo;Universit\u00e9 de France T\u00e9l\u00e9vision&#8230;<\/span><\/p>\n<\/div><\/section><\/p><\/div>\n\n<style type=\"text\/css\" data-created_by=\"avia_inline_auto\" id=\"style-css-av-a7u87-04a2162f233cb05a4dc2af7f1794368d\">\n.flex_column.av-a7u87-04a2162f233cb05a4dc2af7f1794368d{\nborder-width:3px;\nborder-color:#f7f7f7;\nborder-style:solid;\nborder-radius:10px 10px 10px 10px;\npadding:10px 10px 10px 10px;\nbackground:url(https:\/\/www.studiomercure.fr\/wp-content\/uploads\/2024\/01\/240124cachemessages-1.jpg) 50% 50% no-repeat scroll ;\n}\n<\/style>\n<div  class='flex_column av-a7u87-04a2162f233cb05a4dc2af7f1794368d av_one_half  avia-builder-el-3  el_after_av_one_half  el_before_av_heading  flex_column_div  '     ><form action=\"https:\/\/www.studiomercure.fr\/?page_id=27\" method=\"post\" data-fields-with-error=\"Erreurs trouv\u00e9es dans les champs suivants :\" class=\"avia_ajax_form av-form-labels-visible   avia-builder-el-4  avia-builder-el-no-sibling  av-custom-form-color av-light-form \" data-avia-form-id=\"1\" data-avia-redirect='' ><h3 class=''>A votre disposition pour toutes informations !<\/h3><fieldset><p class='  first_form  form_element form_element_half' id='element_avia_1_1'><label for=\"avia_1_1\">Pr\u00e9nom <abbr class=\"required\" title=\"requis(e)\">*<\/abbr><\/label> <input name=\"avia_1_1\" class=\"text_input is_empty\" type=\"text\" id=\"avia_1_1\" value=\"\" \/><\/p><p class='  form_element form_element_half' id='element_avia_2_1'><label for=\"avia_2_1\">Nom <abbr class=\"required\" title=\"requis(e)\">*<\/abbr><\/label> <input name=\"avia_2_1\" class=\"text_input is_empty\" type=\"text\" id=\"avia_2_1\" value=\"\" \/><\/p><p class='  first_form  form_element form_fullwidth' id='element_avia_3_1'><label for=\"avia_3_1\">Adresse mail <abbr class=\"required\" title=\"requis(e)\">*<\/abbr><\/label> <input name=\"avia_3_1\" class=\"text_input is_email\" type=\"text\" id=\"avia_3_1\" value=\"\" \/><\/p><p class='  first_form  form_element form_element_third' id='element_avia_4_1'><label for=\"avia_4_1\">T\u00e9l\u00e9phone <abbr class=\"required\" title=\"requis(e)\">*<\/abbr><\/label> <input name=\"avia_4_1\" class=\"text_input is_phone\" type=\"text\" id=\"avia_4_1\" value=\"\" \/><\/p><p class='  form_element form_element_two_third' id='element_avia_5_1'><label for=\"avia_5_1\">Sujet <abbr class=\"required\" title=\"requis(e)\">*<\/abbr><\/label><select  name=\"avia_5_1\" class=\"select is_empty\" id=\"avia_5_1\"><option   value='Enregistrement'>Enregistrement<\/option><option   value='Mixage'>Mixage<\/option><option   value='Mastering'>Mastering<\/option><option   value='Composition'>Composition<\/option><option   value='Arrangements'>Arrangements<\/option><option   value='Ecriture'>Ecriture<\/option><option   value='Enregistrement de concert'>Enregistrement de concert<\/option><option   value='Autre'>Autre<\/option><\/select><\/p><p class='  first_form  form_element form_fullwidth' id='element_avia_6_1'><label for=\"avia_6_1\" class=\"textare_label hidden textare_label_avia_6_1\">Message <abbr class=\"required\" title=\"requis(e)\">*<\/abbr><\/label><textarea  name=\"avia_6_1\" class=\"text_area is_empty\" cols=\"40\" rows=\"7\" id=\"avia_6_1\" ><\/textarea><\/p><p class=\"hidden\"><input type=\"text\" name=\"avia_7_1\" class=\"hidden \" id=\"avia_7_1\" value=\"\" \/><\/p><p class='   form_element form_fullwidth' id='element_avia_8_1'><span class='value_verifier_label'>6 + 2 = ?<\/span><input name=\"avia_8_1_verifier\" type=\"hidden\" id=\"avia_8_1_verifier\" value=\"647767487\"\/><label for=\"avia_8_1\">Merci de prouver que vous \u00eates un humain en donnant le r\u00e9sultat de cette op\u00e9ration <abbr class=\"required\" title=\"requis(e)\">*<\/abbr><\/label><input name=\"avia_8_1\" class=\"text_input captcha\" type=\"text\" id=\"avia_8_1\" value=\"\"\/><\/p><p class=\"form_element \"><input type=\"hidden\" value=\"1\" name=\"avia_generated_form1\" \/><input type=\"submit\" value=\"Envoyer\" class=\"button\"  data-sending-label=\"Envoi\"\/><\/p><\/fieldset><\/form><div id=\"ajaxresponse_1\" class=\"ajaxresponse ajaxresponse_1 hidden\"><\/div><\/div>\n\n<style type=\"text\/css\" data-created_by=\"avia_inline_auto\" id=\"style-css-av-lrwax3uj-fc6478d551350f2596b69fbb63673e4f\">\n#top .av-special-heading.av-lrwax3uj-fc6478d551350f2596b69fbb63673e4f{\npadding-bottom:10px;\n}\nbody .av-special-heading.av-lrwax3uj-fc6478d551350f2596b69fbb63673e4f .av-special-heading-tag .heading-char{\nfont-size:25px;\n}\n.av-special-heading.av-lrwax3uj-fc6478d551350f2596b69fbb63673e4f .av-subheading{\nfont-size:15px;\n}\n<\/style>\n<div  class='av-special-heading av-lrwax3uj-fc6478d551350f2596b69fbb63673e4f av-special-heading-h2 blockquote modern-quote modern-centered  avia-builder-el-5  el_after_av_one_half  el_before_av_one_half '><h2 class='av-special-heading-tag '  itemprop=\"headline\"  >O\u00f9 sommes nous ?<\/h2><div class=\"special-heading-border\"><div class=\"special-heading-inner-border\"><\/div><\/div><\/div>\n<div  class='flex_column av-1jisb-1dcc8611827fe8ecd3f126c3b7d54c49 av_one_half  avia-builder-el-6  el_after_av_heading  el_before_av_one_half  first flex_column_div  '     ><section  class='av_textblock_section av-lrwb2rki-9fbb300e9cf0f1b50dfb18a605d9935b '   itemscope=\"itemscope\" itemtype=\"https:\/\/schema.org\/CreativeWork\" ><div class='avia_textblock'  itemprop=\"text\" ><div class='avia-iframe-wrap'><iframe loading=\"lazy\" title=\"Se rendre au STUDIO MERCURE\" width=\"1500\" height=\"844\" src=\"https:\/\/www.youtube.com\/embed\/UgB5Jbt9JRM?feature=oembed\" frameborder=\"0\" allow=\"accelerometer; autoplay; clipboard-write; encrypted-media; gyroscope; picture-in-picture; web-share\" allowfullscreen><\/iframe><\/div>\n<\/div><\/section><\/div>\n<div  class='flex_column av-qqfz-3848a5d1ef5158f3b57c51402a521016 av_one_half  avia-builder-el-8  el_after_av_one_half  avia-builder-el-last  flex_column_div  '     ><section  class='av_textblock_section av-lrwb5yxe-844e3b6cb8aa033e8087d8db89356511 '   itemscope=\"itemscope\" itemtype=\"https:\/\/schema.org\/CreativeWork\" ><div class='avia_textblock'  itemprop=\"text\" ><p><iframe loading=\"lazy\" style=\"border: 0;\" tabindex=\"0\" src=\"https:\/\/www.google.com\/maps\/embed?pb=!1m18!1m12!1m3!1d2888.837249600252!2d6.966477815485606!3d43.6099301791228!2m3!1f0!2f0!3f0!3m2!1i1024!2i768!4f13.1!3m3!1m2!1s0x12cc29ac2dad1a99%3A0xbe68594052c1e845!2sMercure%20Production!5e0!3m2!1sfr!2sfr!4v1602263238188!5m2!1sfr!2sfr\" width=\"600\" height=\"450\" frameborder=\"0\" allowfullscreen=\"allowfullscreen\" aria-hidden=\"false\"><\/iframe><\/p>\n<\/div><\/section><\/div>\n","protected":false},"excerpt":{"rendered":"","protected":false},"author":1,"featured_media":0,"parent":0,"menu_order":0,"comment_status":"closed","ping_status":"closed","template":"","meta":{"footnotes":""},"class_list":["post-27","page","type-page","status-publish","hentry"],"jetpack_sharing_enabled":true,"_links":{"self":[{"href":"https:\/\/www.studiomercure.fr\/index.php?rest_route=\/wp\/v2\/pages\/27","targetHints":{"allow":["GET"]}}],"collection":[{"href":"https:\/\/www.studiomercure.fr\/index.php?rest_route=\/wp\/v2\/pages"}],"about":[{"href":"https:\/\/www.studiomercure.fr\/index.php?rest_route=\/wp\/v2\/types\/page"}],"author":[{"embeddable":true,"href":"https:\/\/www.studiomercure.fr\/index.php?rest_route=\/wp\/v2\/users\/1"}],"replies":[{"embeddable":true,"href":"https:\/\/www.studiomercure.fr\/index.php?rest_route=%2Fwp%2Fv2%2Fcomments&post=27"}],"version-history":[{"count":70,"href":"https:\/\/www.studiomercure.fr\/index.php?rest_route=\/wp\/v2\/pages\/27\/revisions"}],"predecessor-version":[{"id":818,"href":"https:\/\/www.studiomercure.fr\/index.php?rest_route=\/wp\/v2\/pages\/27\/revisions\/818"}],"wp:attachment":[{"href":"https:\/\/www.studiomercure.fr\/index.php?rest_route=%2Fwp%2Fv2%2Fmedia&parent=27"}],"curies":[{"name":"wp","href":"https:\/\/api.w.org\/{rel}","templated":true}]}}